{"id":774,"date":"2018-05-23T17:00:00","date_gmt":"2018-05-23T17:00:00","guid":{"rendered":"http:\/\/www.intermaco.pt\/web3\/?page_id=774"},"modified":"2018-05-24T15:36:41","modified_gmt":"2018-05-24T15:36:41","slug":"politica-de-privacidade-rgpd","status":"publish","type":"page","link":"http:\/\/www.intermaco.pt\/web3\/politica-de-privacidade-rgpd\/","title":{"rendered":"Pol\u00edtica de Privacidade (RGPD)"},"content":{"rendered":"<p><strong>POL\u00cdTICA DE PRIVACIDADE E TERMOS DE UTILIZA\u00c7\u00c3O DO NOSSO WEBSITE<\/strong><\/p>\n<p>A\u00a0<strong>INTERMACO &#8211; Com\u00e9rcio e Representa\u00e7\u00f5es de M\u00e1quinas e Ferramentas, Lda<\/strong>, respeita a privacidade dos visitantes do site <strong>www.intermaco.pt<\/strong> e empreende todos os cuidados para proteger as respectivas informa\u00e7\u00f5es.<br \/>\nEsta pol\u00edtica de privacidade, consiste em prestar as informa\u00e7\u00f5es que recolhemos e da forma como a podemos utilizar bem como das normas de seguran\u00e7a adotadas para proteger a sua identidade e dados pessoais.<\/p>\n<p><strong>QUE TIPO DE INFORMA\u00c7\u00d5ES RECOLHEMOS<\/strong><\/p>\n<p>Podem ser solicitadas informa\u00e7\u00f5es pessoais, como o seu nome e endere\u00e7o de correio electr\u00f3nico. As informa\u00e7\u00f5es supra podem ser solicitadas quando subscreve a newsletter ou preenche o formul\u00e1rio de contacto quer como trabalhador, cliente, fornecedor, visitante, etc.<\/p>\n<p>Utilizamos &#8220;cookies&#8221; para recolher informa\u00e7\u00f5es acerca das suas visitas ao nosso website de modo a melhorar a sua experi\u00eancia. Pode encontrar mais informa\u00e7\u00f5es na sec\u00e7\u00e3o infra &#8220;Politica de cookies&#8221;.<\/p>\n<p>Estas informa\u00e7\u00f5es\/dados s\u00e3o armazenados de forma an\u00f3nima e servem apenas para an\u00e1lise estat\u00edstica generalizada, webmining, com o objectivo de melhorar os nossos servi\u00e7os.<\/p>\n<p><strong>UTILIZA\u00c7\u00c3O DAS INFORMA\u00c7\u00d5ES DOS VISITANTES<\/strong><\/p>\n<p>Todas as informa\u00e7\u00f5es pessoais que obtemos ser\u00e3o registadas, utilizadas e protegidas em conformidade com a legisla\u00e7\u00e3o comunit\u00e1ria vigente em mat\u00e9ria de protec\u00e7\u00e3o de dados e com esta politica de privacidade.<\/p>\n<p>As informa\u00e7\u00f5es recolhidas, t\u00eam como finalidade o envio de informa\u00e7\u00e3o\/divulga\u00e7\u00e3o por correio electr\u00f3nico, dos nossos produtos e servi\u00e7os.<\/p>\n<p>O envio de informa\u00e7\u00f5es apenas ocorre, quando o titular dos dados, tiver expressamente optado por receber mensagens de correio electr\u00f3nico da <strong>INTERMACO &#8211; Com\u00e9rcio e Representa\u00e7\u00f5es de M\u00e1quinas e Ferramentas, Lda<\/strong>. Caso n\u00e3o pretenda receber mais mensagens de correio electr\u00f3nico, entre em contacto connosco atrav\u00e9s do email <strong>intermaco@intermaco.pt<\/strong> ou carta para a nossa morada.<\/p>\n<p><strong>PROTEC\u00c7\u00c3O DAS INFORMA\u00c7\u00d5ES DOS VISITANTES<\/strong><\/p>\n<p>As informa\u00e7\u00f5es que nos fornece ao visitar o nosso website, est\u00e3o protegidas no \u00e2mbito da implementa\u00e7\u00e3o das v\u00e1rias medidas de seguran\u00e7a, nomeadamente atrav\u00e9s de acesso condicionado, e de salvaguarda confidencialidade das informa\u00e7\u00f5es.<\/p>\n<p>Alertamos contudo que ao fornecer informa\u00e7\u00f5es pessoais online, existe um risco de terceiros poderem interceptar e utilizar estas informa\u00e7\u00f5es, pelo que em termos de seguran\u00e7a de qualquer informa\u00e7\u00e3o que divulgue online, f\u00e1-lo-\u00e0 por sua pr\u00f3pria conta e risco.<\/p>\n<p><strong>PRIVACIDADE DE MENORES (CRIAN\u00c7AS E JOVENS)<\/strong><\/p>\n<p>A\u00a0<strong>INTERMACO &#8211; Com\u00e9rcio e Representa\u00e7\u00f5es de M\u00e1quinas e Ferramentas, Lda,<\/strong> est\u00e1 empenhada em proteger a privacidade de crian\u00e7as e n\u00e3o pretende recolher dados pessoais de menores com idade inferior a 13 anos (A idade legalmente definida em termos de lei nacional no \u00e2mbito RGPD). Incentivamos os pais e os respons\u00e1veis por menores com idade inferior a 13 anos a controlarem e supervisionarem regularmente a utiliza\u00e7\u00e3o do correio electr\u00f3nico e as outras actividades online das crian\u00e7as.<\/p>\n<p><strong>POL\u00cdTICA DE COOKIES<\/strong><\/p>\n<p>Os cookies s\u00e3o pequenos ficheiros de texto que um website, quando visitado, coloca no computador do visitante ou no dispositivo m\u00f3vel, atrav\u00e9s do navegador de Internet.<\/p>\n<p>Os cookies recolhem informa\u00e7\u00f5es gen\u00e9ricas, designadamente a forma como os visitantes chegam e utilizam o website ou a zona do pa\u00eds atrav\u00e9s do qual acedem ao website, sendo essa informa\u00e7\u00e3o utilizada para an\u00e1lise estat\u00edstica generalizada e webmining.<\/p>\n<p>Depois de autorizar o uso de cookies, pode sempre desactivar parte ou a totalidade destes, atrav\u00e9s das defini\u00e7\u00f5es do seu navegador de Internet.<\/p>\n<p><strong>ACTUALIZA\u00c7\u00c3O, ELIMINA\u00c7\u00c3O OU MODIFICA\u00c7\u00c3O DE DADOS PESSOAIS<\/strong><\/p>\n<p>Caso pretenda pode cancelar a sua subscri\u00e7\u00e3o em qualquer altura e pode optar por n\u00e3o receber quaisquer mensagens de correio electr\u00f3nico. Pode optar tamb\u00e9m por eliminar todas as suas informa\u00e7\u00f5es pessoais da nossa base de dados.<\/p>\n<p><strong>NOSSO CONTACTO<\/strong><\/p>\n<p>Se tiver quaisquer perguntas ou coment\u00e1rios relativamente ao nosso website e\/ou \u00e0 nossa pol\u00edtica de privacidade, escreva-os para o endere\u00e7o presente no rodap\u00e9 do nosso website.<\/p>\n<p><strong>O CONSENTIMENTO DO TITULAR DOS DADOS<\/strong><\/p>\n<p>Ao utilizar o nosso website confirma que aceita os termos desta Pol\u00edtica de Privacidade. Caso n\u00e3o concorde com os termos da nossa Pol\u00edtica de Privacidade, solicita-se que n\u00e3o nos forne\u00e7a informa\u00e7\u00f5es pessoais e cesse a utiliza\u00e7\u00e3o do nosso website.<\/p>\n<p><strong>DIREITO DO TITULAR DOS DADOS AO ACESSO \u00c0S SUAS INFORMA\u00c7\u00d5ES PESSOAIS<\/strong><\/p>\n<p>O titular dos dados tem o direito a receber uma c\u00f3pia das suas informa\u00e7\u00f5es pessoais em nosso poder. A empresa reserva-se o direito de cobrar uma pequena taxa para custos administrativos e inform\u00e1ticos de qualquer pedido efectuado.<\/p>\n<p><strong>DIREITO DO TITULAR DOS DADOS \u00c0 ELIMINA\u00c7\u00c3O DE DADOS PESSOAIS<\/strong><\/p>\n<p>Caso seja utilizador do nosso website atrav\u00e9s da subscri\u00e7\u00e3o da newsletter, os seus dados estar\u00e3o armazenados numa base de dados espec\u00edfica de controlo de subscritores.<br \/>\nPor\u00e9m o titular dos dados poder\u00e1 requerer a sua elimina\u00e7\u00e3o sempre que pretender, atrav\u00e9s de um pedido por escrito para a nossa morada.<\/p>\n<p><strong>POL\u00cdTICA DE PRIVACIDADE<\/strong><\/p>\n<p>A pol\u00edtica de privacidade online aplica-se apenas \u00e0s informa\u00e7\u00f5es recolhidas atrav\u00e9s do nosso\u00a0website e n\u00e3o \u00e0s informa\u00e7\u00f5es recolhidas offline.<\/p>\n","protected":false},"excerpt":{"rendered":"<p>POL\u00cdTICA DE PRIVACIDADE E TERMOS DE UTILIZA\u00c7\u00c3O DO NOSSO WEBSITE A\u00a0INTERMACO &#8211; Com\u00e9rcio e Representa\u00e7\u00f5es de M\u00e1quinas e Ferramentas, Lda, respeita a privacidade dos visitantes do site www.intermaco.pt e empreende todos os cuidados para proteger as respectivas informa\u00e7\u00f5es. Esta pol\u00edtica de privacidade, consiste em prestar as informa\u00e7\u00f5es que recolhemos e da forma como a podemos<a href=\"http:\/\/www.intermaco.pt\/web3\/politica-de-privacidade-rgpd\/\">[&#8230;]<\/a><\/p>\n","protected":false},"author":1,"featured_media":0,"parent":0,"menu_order":0,"comment_status":"closed","ping_status":"closed","template":"","meta":[],"wppr_data":{"cwp_meta_box_check":"No"},"_links":{"self":[{"href":"http:\/\/www.intermaco.pt\/web3\/wp-json\/wp\/v2\/pages\/774"}],"collection":[{"href":"http:\/\/www.intermaco.pt\/web3\/wp-json\/wp\/v2\/pages"}],"about":[{"href":"http:\/\/www.intermaco.pt\/web3\/wp-json\/wp\/v2\/types\/page"}],"author":[{"embeddable":true,"href":"http:\/\/www.intermaco.pt\/web3\/wp-json\/wp\/v2\/users\/1"}],"replies":[{"embeddable":true,"href":"http:\/\/www.intermaco.pt\/web3\/wp-json\/wp\/v2\/comments?post=774"}],"version-history":[{"count":14,"href":"http:\/\/www.intermaco.pt\/web3\/wp-json\/wp\/v2\/pages\/774\/revisions"}],"predecessor-version":[{"id":801,"href":"http:\/\/www.intermaco.pt\/web3\/wp-json\/wp\/v2\/pages\/774\/revisions\/801"}],"wp:attachment":[{"href":"http:\/\/www.intermaco.pt\/web3\/wp-json\/wp\/v2\/media?parent=774"}],"curies":[{"name":"wp","href":"https:\/\/api.w.org\/{rel}","templated":true}]}}