{"id":1198,"date":"2019-11-12T10:59:50","date_gmt":"2019-11-12T10:59:50","guid":{"rendered":"http:\/\/www.intermaco.pt\/web3\/?page_id=1198"},"modified":"2026-02-10T14:34:41","modified_gmt":"2026-02-10T14:34:41","slug":"catalogos","status":"publish","type":"page","link":"https:\/\/www.intermaco.pt\/web3\/area-restrita-2\/catalogos\/","title":{"rendered":"Cat\u00e1logos"},"content":{"rendered":"<div class=\"members-access-error\">N\u00e3o tem permiss\u00e3o para ver este conte\u00fado.<\/div>\n","protected":false},"excerpt":{"rendered":"<div class=\"members-access-error\">N\u00e3o tem permiss\u00e3o para ver este conte\u00fado.<\/div>\n","protected":false},"author":1,"featured_media":0,"parent":159,"menu_order":0,"comment_status":"closed","ping_status":"closed","template":"","meta":[],"wppr_data":{"cwp_meta_box_check":"No"},"_links":{"self":[{"href":"https:\/\/www.intermaco.pt\/web3\/wp-json\/wp\/v2\/pages\/1198"}],"collection":[{"href":"https:\/\/www.intermaco.pt\/web3\/wp-json\/wp\/v2\/pages"}],"about":[{"href":"https:\/\/www.intermaco.pt\/web3\/wp-json\/wp\/v2\/types\/page"}],"author":[{"embeddable":true,"href":"https:\/\/www.intermaco.pt\/web3\/wp-json\/wp\/v2\/users\/1"}],"replies":[{"embeddable":true,"href":"https:\/\/www.intermaco.pt\/web3\/wp-json\/wp\/v2\/comments?post=1198"}],"version-history":[{"count":139,"href":"https:\/\/www.intermaco.pt\/web3\/wp-json\/wp\/v2\/pages\/1198\/revisions"}],"predecessor-version":[{"id":1910,"href":"https:\/\/www.intermaco.pt\/web3\/wp-json\/wp\/v2\/pages\/1198\/revisions\/1910"}],"up":[{"embeddable":true,"href":"https:\/\/www.intermaco.pt\/web3\/wp-json\/wp\/v2\/pages\/159"}],"wp:attachment":[{"href":"https:\/\/www.intermaco.pt\/web3\/wp-json\/wp\/v2\/media?parent=1198"}],"curies":[{"name":"wp","href":"https:\/\/api.w.org\/{rel}","templated":true}]}}