{"id":1571,"date":"2024-02-28T16:21:52","date_gmt":"2024-02-28T16:21:52","guid":{"rendered":"https:\/\/www.intermaco.pt\/web3\/?page_id=1571"},"modified":"2024-02-28T16:27:25","modified_gmt":"2024-02-28T16:27:25","slug":"txt-multihub","status":"publish","type":"page","link":"https:\/\/www.intermaco.pt\/web3\/txt-multihub\/","title":{"rendered":"TXT MULTIHUB"},"content":{"rendered":"<p><img loading=\"lazy\" class=\"size-full wp-image-1572 alignnone\" src=\"https:\/\/www.intermaco.pt\/web3\/wp-content\/uploads\/2024\/02\/TXTMultihub1.jpg\" alt=\"\" width=\"800\" height=\"533\" srcset=\"https:\/\/www.intermaco.pt\/web3\/wp-content\/uploads\/2024\/02\/TXTMultihub1.jpg 800w, https:\/\/www.intermaco.pt\/web3\/wp-content\/uploads\/2024\/02\/TXTMultihub1-300x200.jpg 300w, https:\/\/www.intermaco.pt\/web3\/wp-content\/uploads\/2024\/02\/TXTMultihub1-768x512.jpg 768w, https:\/\/www.intermaco.pt\/web3\/wp-content\/uploads\/2024\/02\/TXTMultihub1-50x33.jpg 50w, https:\/\/www.intermaco.pt\/web3\/wp-content\/uploads\/2024\/02\/TXTMultihub1-750x500.jpg 750w\" sizes=\"(max-width: 800px) 100vw, 800px\" \/><\/p>\n<p><strong>TXT MULTIHUB<\/strong><\/p>\n<p>Interface de ve\u00edculo, que permite intervir em autom\u00f3veis, ve\u00edculos pesados, motos, barcos, ve\u00edculos agr\u00edcolas<br \/>\ne de movimento de terras, de uma forma vers\u00e1til, r\u00e1pida e intuitiva. Est\u00e1 equipado com um <em>display<\/em> integrado,<br \/>\nque se torna muito \u00fatil, para apresentar as informa\u00e7\u00f5es mais importantes durante as opera\u00e7\u00f5es de diagn\u00f3stico.<br \/>\nGere automaticamente os protocolos de comunica\u00e7\u00e3o CAN, CAN FD*, DoIP e PassThru e garante uma<br \/>\nconectividade inteligente, gra\u00e7as ao sistema operativo Linux \u201c<em>on board<\/em>\u201d.<br \/>\nO design resistente, com certifica\u00e7\u00e3o IP53 e com o padr\u00e3o militarMIL-STD 810G (<em>transit drop test<\/em>) completam o<br \/>\nseu extraordin\u00e1rio equipamento e tornam-no, numa solu\u00e7\u00e3o de topo de gama, capaz de oferecer o melhor, em<br \/>\ntodas as situa\u00e7\u00f5es operacionais.<\/p>\n<h6>* O TXT MULTIHUB suporta CAN-FD para a linha CAN 6-14. Para a gest\u00e3o de mais linhas, necessita do cabo adaptador CAN FD.<\/h6>\n<p><img loading=\"lazy\" class=\"size-full wp-image-1574 alignnone\" src=\"https:\/\/www.intermaco.pt\/web3\/wp-content\/uploads\/2024\/02\/TXTMultihub3.jpg\" alt=\"\" width=\"400\" height=\"68\" srcset=\"https:\/\/www.intermaco.pt\/web3\/wp-content\/uploads\/2024\/02\/TXTMultihub3.jpg 400w, https:\/\/www.intermaco.pt\/web3\/wp-content\/uploads\/2024\/02\/TXTMultihub3-300x51.jpg 300w, https:\/\/www.intermaco.pt\/web3\/wp-content\/uploads\/2024\/02\/TXTMultihub3-50x9.jpg 50w\" sizes=\"(max-width: 400px) 100vw, 400px\" \/><img loading=\"lazy\" class=\"size-full wp-image-1573 alignleft\" src=\"https:\/\/www.intermaco.pt\/web3\/wp-content\/uploads\/2024\/02\/TXTMultihub2.jpg\" alt=\"\" width=\"400\" height=\"433\" srcset=\"https:\/\/www.intermaco.pt\/web3\/wp-content\/uploads\/2024\/02\/TXTMultihub2.jpg 400w, https:\/\/www.intermaco.pt\/web3\/wp-content\/uploads\/2024\/02\/TXTMultihub2-277x300.jpg 277w, https:\/\/www.intermaco.pt\/web3\/wp-content\/uploads\/2024\/02\/TXTMultihub2-46x50.jpg 46w\" sizes=\"(max-width: 400px) 100vw, 400px\" \/><\/p>\n","protected":false},"excerpt":{"rendered":"<p>TXT MULTIHUB Interface de ve\u00edculo, que permite intervir em autom\u00f3veis, ve\u00edculos pesados, motos, barcos, ve\u00edculos agr\u00edcolas e de movimento de terras, de uma forma vers\u00e1til, r\u00e1pida e intuitiva. Est\u00e1 equipado com um display integrado, que se torna muito \u00fatil, para apresentar as informa\u00e7\u00f5es mais importantes durante as opera\u00e7\u00f5es de diagn\u00f3stico. Gere automaticamente os protocolos de<a href=\"https:\/\/www.intermaco.pt\/web3\/txt-multihub\/\">[&#8230;]<\/a><\/p>\n","protected":false},"author":1,"featured_media":0,"parent":0,"menu_order":0,"comment_status":"closed","ping_status":"closed","template":"","meta":[],"wppr_data":{"cwp_meta_box_check":"No"},"_links":{"self":[{"href":"https:\/\/www.intermaco.pt\/web3\/wp-json\/wp\/v2\/pages\/1571"}],"collection":[{"href":"https:\/\/www.intermaco.pt\/web3\/wp-json\/wp\/v2\/pages"}],"about":[{"href":"https:\/\/www.intermaco.pt\/web3\/wp-json\/wp\/v2\/types\/page"}],"author":[{"embeddable":true,"href":"https:\/\/www.intermaco.pt\/web3\/wp-json\/wp\/v2\/users\/1"}],"replies":[{"embeddable":true,"href":"https:\/\/www.intermaco.pt\/web3\/wp-json\/wp\/v2\/comments?post=1571"}],"version-history":[{"count":4,"href":"https:\/\/www.intermaco.pt\/web3\/wp-json\/wp\/v2\/pages\/1571\/revisions"}],"predecessor-version":[{"id":1578,"href":"https:\/\/www.intermaco.pt\/web3\/wp-json\/wp\/v2\/pages\/1571\/revisions\/1578"}],"wp:attachment":[{"href":"https:\/\/www.intermaco.pt\/web3\/wp-json\/wp\/v2\/media?parent=1571"}],"curies":[{"name":"wp","href":"https:\/\/api.w.org\/{rel}","templated":true}]}}