{"id":1586,"date":"2024-02-28T16:48:27","date_gmt":"2024-02-28T16:48:27","guid":{"rendered":"https:\/\/www.intermaco.pt\/web3\/?page_id=1586"},"modified":"2024-04-11T09:38:28","modified_gmt":"2024-04-11T09:38:28","slug":"ac-konfort-700","status":"publish","type":"page","link":"https:\/\/www.intermaco.pt\/web3\/ac-konfort-700\/","title":{"rendered":"AC KONFORT 700"},"content":{"rendered":"<p><img loading=\"lazy\" class=\"size-full wp-image-1584 alignnone\" src=\"https:\/\/www.intermaco.pt\/web3\/wp-content\/uploads\/2024\/02\/K720_TOUCH_car.jpg\" alt=\"\" width=\"800\" height=\"533\" srcset=\"https:\/\/www.intermaco.pt\/web3\/wp-content\/uploads\/2024\/02\/K720_TOUCH_car.jpg 800w, https:\/\/www.intermaco.pt\/web3\/wp-content\/uploads\/2024\/02\/K720_TOUCH_car-300x200.jpg 300w, https:\/\/www.intermaco.pt\/web3\/wp-content\/uploads\/2024\/02\/K720_TOUCH_car-768x512.jpg 768w, https:\/\/www.intermaco.pt\/web3\/wp-content\/uploads\/2024\/02\/K720_TOUCH_car-50x33.jpg 50w, https:\/\/www.intermaco.pt\/web3\/wp-content\/uploads\/2024\/02\/K720_TOUCH_car-750x500.jpg 750w\" sizes=\"(max-width: 800px) 100vw, 800px\" \/><\/p>\n<p>A s\u00e9rie <strong>KONFORT 700<\/strong>, permite realizar a manuten\u00e7\u00e3o dos sistemas de ar condicionado dos ve\u00edculos, equipados com<br \/>\nos gases refrigerantes R1234yf, R134a e R744, de forma eficaz, precisa e segura. Produzida numa linha de<br \/>\nmontagem \u00fanica no mundo, garante a m\u00e1xima qualidade e fiabilidade ao longo do tempo. Os componentes<br \/>\nutilizados na base de fabrico, possuem caracter\u00edsticas excecionais e garantem uma efici\u00eancia na recupera\u00e7\u00e3o<br \/>\ne filtragem do g\u00e1s refrigerante superior a 95%. O design, de linhas essenciais, confere flexibilidade, robustez<br \/>\ne seguran\u00e7a, que facilitam todas as interven\u00e7\u00f5es de manuten\u00e7\u00e3o. Al\u00e9m disso , da grande experi\u00eancia<br \/>\nda TEXA nesta \u00e1rea, nasce a <strong>KONFORT TOUCH<\/strong>, uma linha de esta\u00e7\u00f5es que, gra\u00e7as a um <em>display multitoque<\/em>,<br \/>\npermite ao operador realizar todas as opera\u00e7\u00f5es de forma simples, r\u00e1pida e inteligente.<\/p>\n<h4><\/h4>\n<h4>780 TOUCH<\/h4>\n<p>Topo \u00a0de \u00a0gama \u00a0da \u00a0s\u00e9rie \u00a0700, \u00a0o \u00a0m\u00e1ximo \u00a0dispon\u00edvel \u00a0no \u00a0mercado. \u00a0Est\u00e1 \u00a0equipada \u00a0com <strong>dep\u00f3sito<\/strong><strong> \u00a0duplo \u00a0e \u00a0circuitos \u00a0<\/strong><br \/>\n<strong>duplos \u00a0e \u00a0diferenciados <\/strong>para \u00a0recupera\u00e7\u00e3o, \u00a0reciclagem \u00a0e carga. Isso permite que as interven\u00e7\u00f5es sejam realizadas tanto<br \/>\nem ve\u00edculos que usam R134a como refrigerante, quanto naqueles que incluem R1234ya, ao mesmo tempo.<\/p>\n<p><img loading=\"lazy\" class=\"size-full wp-image-1660 alignnone\" src=\"https:\/\/www.intermaco.pt\/web3\/wp-content\/uploads\/2024\/04\/780touch.png\" alt=\"\" width=\"143\" height=\"212\" srcset=\"https:\/\/www.intermaco.pt\/web3\/wp-content\/uploads\/2024\/04\/780touch.png 143w, https:\/\/www.intermaco.pt\/web3\/wp-content\/uploads\/2024\/04\/780touch-34x50.png 34w\" sizes=\"(max-width: 143px) 100vw, 143px\" \/><\/p>\n<h4>760 TOUCH\/760 BUS TOUCH<\/h4>\n<p>Ambas as vers\u00f5es gerem o servi\u00e7o de manuten\u00e7\u00e3o de forma totalmente automatizada. A <strong>v<\/strong><strong>ers\u00e3o<\/strong> <strong>BUS<\/strong>, desenvolvida para<br \/>\nsistemas de maiores dimens\u00f5es, est\u00e1 <strong>equipada<\/strong> <strong>com dep\u00f3sito<\/strong> <strong>de<\/strong> <strong>30<\/strong> <strong>k<\/strong><strong>g <\/strong>e compressor de 21 cc. Podem ser preparadas para<br \/>\no refrigerante R134a ou R1234ya.<\/p>\n<p><img loading=\"lazy\" class=\"size-full wp-image-1661 alignnone\" src=\"https:\/\/www.intermaco.pt\/web3\/wp-content\/uploads\/2024\/04\/760touch.png\" alt=\"\" width=\"143\" height=\"212\" srcset=\"https:\/\/www.intermaco.pt\/web3\/wp-content\/uploads\/2024\/04\/760touch.png 143w, https:\/\/www.intermaco.pt\/web3\/wp-content\/uploads\/2024\/04\/760touch-34x50.png 34w\" sizes=\"(max-width: 143px) 100vw, 143px\" \/><\/p>\n<h4>720 TOUCH<\/h4>\n<p>Esta\u00e7\u00e3o \u00a0capaz \u00a0de \u00a0operar \u00a0em \u00a0todos \u00a0os \u00a0sistemas \u00a0de \u00a0ve\u00edculos \u00a0ligeiros, \u00a0comerciais, industriais e tratores, sem renunciar<br \/>\n\u00e0 tecnologia da linha KONFORT. Pode ser adquirida para o tradicional g\u00e1s refrigerante R134a ou para o novo R1234ya.<\/p>\n<p><img loading=\"lazy\" class=\"size-full wp-image-1664 alignnone\" src=\"https:\/\/www.intermaco.pt\/web3\/wp-content\/uploads\/2024\/04\/720touch.png\" alt=\"\" width=\"143\" height=\"204\" srcset=\"https:\/\/www.intermaco.pt\/web3\/wp-content\/uploads\/2024\/04\/720touch.png 143w, https:\/\/www.intermaco.pt\/web3\/wp-content\/uploads\/2024\/04\/720touch-35x50.png 35w\" sizes=\"(max-width: 143px) 100vw, 143px\" \/><\/p>\n<h4>770S TOUCH<\/h4>\n<p>O dep\u00f3sito de g\u00e1s refrigerante \u00e9 colocado em uma robusta balan\u00e7a eletr\u00f3nica, com sistema de seguran\u00e7a para evitar a<br \/>\naltera\u00e7\u00e3o da calibra\u00e7\u00e3o durante o transporte. Est\u00e1 equipada com um sistema autom\u00e1tico de controlo de fugas, combinado<br \/>\ncom man\u00f3metros certificados\u00a0 EN837\u00a0 Classe \u00a01.<\/p>\n<p><img loading=\"lazy\" class=\"size-full wp-image-1668 alignnone\" src=\"https:\/\/www.intermaco.pt\/web3\/wp-content\/uploads\/2024\/04\/770touch.png\" alt=\"\" width=\"143\" height=\"212\" srcset=\"https:\/\/www.intermaco.pt\/web3\/wp-content\/uploads\/2024\/04\/770touch.png 143w, https:\/\/www.intermaco.pt\/web3\/wp-content\/uploads\/2024\/04\/770touch-34x50.png 34w\" sizes=\"(max-width: 143px) 100vw, 143px\" \/><\/p>\n<h4>744<\/h4>\n<p>Fabricada \u00a0especificamente\u00a0 para \u00a0os <strong>novos<\/strong><strong> \u00a0sistemas \u00a0de \u00a0A\/C \u00a0com \u00a0base \u00a0no \u00a0uso \u00a0de <\/strong><strong>refrigerante<\/strong><strong>\u00a0 R744 \u00a0(CO<\/strong><strong>2<\/strong><strong>)<\/strong>.<br \/>\nA \u00a0precis\u00e3o \u00a0\u00e9 \u00a0absoluta: \u00a0a \u00a0qualidade \u00a0dos \u00a0componentes \u00a0e \u00a0o design, permite uma extrema precis\u00e3o na carga, com<br \/>\ntoler\u00e2ncia m\u00e1xima de 10 gramas (2 gramas para o \u00f3leo).<\/p>\n<p><img loading=\"lazy\" class=\"size-full wp-image-1665 alignnone\" src=\"https:\/\/www.intermaco.pt\/web3\/wp-content\/uploads\/2024\/04\/744.jpg\" alt=\"\" width=\"140\" height=\"196\" srcset=\"https:\/\/www.intermaco.pt\/web3\/wp-content\/uploads\/2024\/04\/744.jpg 140w, https:\/\/www.intermaco.pt\/web3\/wp-content\/uploads\/2024\/04\/744-36x50.jpg 36w\" sizes=\"(max-width: 140px) 100vw, 140px\" \/><\/p>\n<h4>712 TOUCH<\/h4>\n<p>\u00c9 um <strong>modelo<\/strong> <strong>m\u00e9dio <\/strong>com caracter\u00edsticas t\u00e9cnicas t\u00edpicas dos de alta de gama, como a gest\u00e3o do servi\u00e7o de manuten\u00e7\u00e3o<br \/>\ntotalmente autom\u00e1tico e a medi\u00e7\u00e3o da quantidade de \u00f3leo recuperada com balan\u00e7a eletr\u00f3nica. Pode ser adquirido na vers\u00e3o<br \/>\nR134a ou R1234ya.<\/p>\n<p><img loading=\"lazy\" class=\"size-full wp-image-1670 alignnone\" src=\"https:\/\/www.intermaco.pt\/web3\/wp-content\/uploads\/2024\/04\/712touch.png\" alt=\"\" width=\"169\" height=\"235\" srcset=\"https:\/\/www.intermaco.pt\/web3\/wp-content\/uploads\/2024\/04\/712touch.png 169w, https:\/\/www.intermaco.pt\/web3\/wp-content\/uploads\/2024\/04\/712touch-36x50.png 36w\" sizes=\"(max-width: 169px) 100vw, 169px\" \/><\/p>\n<h4>710 TOUCH<\/h4>\n<p>\u00c9 um <strong>modelo<\/strong> <strong>b\u00e1sico <\/strong>que oferece importantes fun\u00e7\u00f5es padr\u00e3o que caracterizam a linha KONFORT 700, como a dete\u00e7\u00e3o<br \/>\nautom\u00e1tica de fugas, o controle de refrigerante com balan\u00e7a eletr\u00f3nica, a inje\u00e7\u00e3o autom\u00e1tica temporizada de \u00f3leo e do detetor de<br \/>\nUV e a recupera\u00e7\u00e3o de refrigerante de alta efici\u00eancia (mais de 95%).<\/p>\n<p><img loading=\"lazy\" class=\"size-full wp-image-1672 alignnone\" src=\"https:\/\/www.intermaco.pt\/web3\/wp-content\/uploads\/2024\/04\/710touch.png\" alt=\"\" width=\"169\" height=\"203\" srcset=\"https:\/\/www.intermaco.pt\/web3\/wp-content\/uploads\/2024\/04\/710touch.png 169w, https:\/\/www.intermaco.pt\/web3\/wp-content\/uploads\/2024\/04\/710touch-42x50.png 42w\" sizes=\"(max-width: 169px) 100vw, 169px\" \/><\/p>\n<h4>707 TOUCH<\/h4>\n<p>Esta esta\u00e7\u00e3o funciona com o refrigerante R1234y\ue034. \u00c9 uma esta\u00e7\u00e3o <strong>muito<\/strong> <strong>f\u00e1cil de usar <\/strong>e evolu\u00edda do ponto de vista do design.<br \/>\nAs suas principais caracter\u00edsticas s\u00e3o: filtro secador que permite realizar at\u00e9 300 manuten\u00e7\u00f5es, sistema de bloqueio da balan\u00e7a,<br \/>\nteclado alfanum\u00e9rico, 4 rodas girat\u00f3rias, registo das manuten\u00e7\u00f5es com os dados de todos os servi\u00e7os realizadas.<\/p>\n<p><strong>Tamb\u00e9m est\u00e1 dispon\u00edvel na vers\u00e3o OFF-ROAD.<\/strong><\/p>\n<p><strong>\u00a0<\/strong><strong> <img loading=\"lazy\" class=\"size-full wp-image-1673 alignnone\" src=\"https:\/\/www.intermaco.pt\/web3\/wp-content\/uploads\/2024\/04\/707touch.png\" alt=\"\" width=\"169\" height=\"196\" srcset=\"https:\/\/www.intermaco.pt\/web3\/wp-content\/uploads\/2024\/04\/707touch.png 169w, https:\/\/www.intermaco.pt\/web3\/wp-content\/uploads\/2024\/04\/707touch-43x50.png 43w\" sizes=\"(max-width: 169px) 100vw, 169px\" \/><\/strong><\/p>\n<h4>705R<\/h4>\n<p><strong>Solu\u00e7\u00e3o<\/strong><strong> \u00a0dedicada \u00a0unicamente \u00a0ao \u00a0refrigerante \u00a0R134a<\/strong>, \u00a0\u00e9 \u00a0ideal \u00a0para\u00a0 as \u00a0oficinas\u00a0 que querem\u00a0 oferecer\u00a0 um \u00a0servi\u00e7o \u00a0de<br \/>\nassist\u00eancia \u00a0profissional\u00a0 e \u00a0ao \u00a0mesmo \u00a0tempo, \u00a0conter operacionais. A KONFORT 705R tem as mesmas caracter\u00edsticas que<br \/>\ncaracterizam os restantes modelos da gama KONFORT. <strong>T<\/strong><strong>amb\u00e9m<\/strong> <strong>dispon\u00edv<\/strong><strong>el<\/strong> <strong>na<\/strong> <strong>v<\/strong><strong>ers\u00e3o<\/strong> <strong>OFF<\/strong> <strong>RO<\/strong><strong>AD<\/strong><strong>.<\/strong><\/p>\n<p><strong>\u00a0<\/strong><strong> <img loading=\"lazy\" class=\"size-full wp-image-1674 alignnone\" src=\"https:\/\/www.intermaco.pt\/web3\/wp-content\/uploads\/2024\/04\/705r.png\" alt=\"\" width=\"169\" height=\"189\" srcset=\"https:\/\/www.intermaco.pt\/web3\/wp-content\/uploads\/2024\/04\/705r.png 169w, https:\/\/www.intermaco.pt\/web3\/wp-content\/uploads\/2024\/04\/705r-45x50.png 45w\" sizes=\"(max-width: 169px) 100vw, 169px\" \/><\/strong><\/p>\n<h4>KIT IDENTIFICADOR DE REFRIGERANTE<\/h4>\n<p>Este \u00a0dispositivo, \u00a0identifica\u00a0 imediatamente \u00a0o \u00a0tipo \u00a0de \u00a0refrigerante \u00a0presente \u00a0no \u00a0ve\u00edculo, R134a ou R1234ya, e <strong>verifica a sua pureza<\/strong>.<br \/>\nToda a opera\u00e7\u00e3o leva cerca de um minuto e, no caso de refrigerante inadequado ou contaminado, a esta\u00e7\u00e3o de carga alerta o t\u00e9cnico e<br \/>\nbloqueia a opera\u00e7\u00e3o.<\/p>\n<p><img loading=\"lazy\" class=\"size-full wp-image-1676 alignnone\" src=\"https:\/\/www.intermaco.pt\/web3\/wp-content\/uploads\/2024\/04\/KitIdentificador.png\" alt=\"\" width=\"152\" height=\"157\" srcset=\"https:\/\/www.intermaco.pt\/web3\/wp-content\/uploads\/2024\/04\/KitIdentificador.png 152w, https:\/\/www.intermaco.pt\/web3\/wp-content\/uploads\/2024\/04\/KitIdentificador-48x50.png 48w\" sizes=\"(max-width: 152px) 100vw, 152px\" \/><\/p>\n<p><img loading=\"lazy\" class=\"alignleft size-full wp-image-1592\" src=\"https:\/\/www.intermaco.pt\/web3\/wp-content\/uploads\/2024\/02\/K720_TOUCH_car2.jpg\" alt=\"\" width=\"800\" height=\"180\" srcset=\"https:\/\/www.intermaco.pt\/web3\/wp-content\/uploads\/2024\/02\/K720_TOUCH_car2.jpg 800w, https:\/\/www.intermaco.pt\/web3\/wp-content\/uploads\/2024\/02\/K720_TOUCH_car2-300x68.jpg 300w, https:\/\/www.intermaco.pt\/web3\/wp-content\/uploads\/2024\/02\/K720_TOUCH_car2-768x173.jpg 768w, https:\/\/www.intermaco.pt\/web3\/wp-content\/uploads\/2024\/02\/K720_TOUCH_car2-50x11.jpg 50w\" sizes=\"(max-width: 800px) 100vw, 800px\" \/><\/p>\n","protected":false},"excerpt":{"rendered":"<p>A s\u00e9rie KONFORT 700, permite realizar a manuten\u00e7\u00e3o dos sistemas de ar condicionado dos ve\u00edculos, equipados com os gases refrigerantes R1234yf, R134a e R744, de forma eficaz, precisa e segura. Produzida numa linha de montagem \u00fanica no mundo, garante a m\u00e1xima qualidade e fiabilidade ao longo do tempo. Os componentes utilizados na base de fabrico,<a href=\"https:\/\/www.intermaco.pt\/web3\/ac-konfort-700\/\">[&#8230;]<\/a><\/p>\n","protected":false},"author":1,"featured_media":0,"parent":0,"menu_order":0,"comment_status":"closed","ping_status":"closed","template":"","meta":[],"wppr_data":{"cwp_meta_box_check":"No"},"_links":{"self":[{"href":"https:\/\/www.intermaco.pt\/web3\/wp-json\/wp\/v2\/pages\/1586"}],"collection":[{"href":"https:\/\/www.intermaco.pt\/web3\/wp-json\/wp\/v2\/pages"}],"about":[{"href":"https:\/\/www.intermaco.pt\/web3\/wp-json\/wp\/v2\/types\/page"}],"author":[{"embeddable":true,"href":"https:\/\/www.intermaco.pt\/web3\/wp-json\/wp\/v2\/users\/1"}],"replies":[{"embeddable":true,"href":"https:\/\/www.intermaco.pt\/web3\/wp-json\/wp\/v2\/comments?post=1586"}],"version-history":[{"count":13,"href":"https:\/\/www.intermaco.pt\/web3\/wp-json\/wp\/v2\/pages\/1586\/revisions"}],"predecessor-version":[{"id":1679,"href":"https:\/\/www.intermaco.pt\/web3\/wp-json\/wp\/v2\/pages\/1586\/revisions\/1679"}],"wp:attachment":[{"href":"https:\/\/www.intermaco.pt\/web3\/wp-json\/wp\/v2\/media?parent=1586"}],"curies":[{"name":"wp","href":"https:\/\/api.w.org\/{rel}","templated":true}]}}