{"id":1737,"date":"2025-01-23T16:38:15","date_gmt":"2025-01-23T16:38:15","guid":{"rendered":"https:\/\/www.intermaco.pt\/web3\/?page_id=1737"},"modified":"2025-01-31T12:54:59","modified_gmt":"2025-01-31T12:54:59","slug":"autoedu","status":"publish","type":"page","link":"https:\/\/www.intermaco.pt\/web3\/autoedu\/","title":{"rendered":"AutoEDU"},"content":{"rendered":"<p>A <strong>AutoEDU<\/strong> \u00e9, desde 2003, fabricante de equipamentos did\u00e1ticos dedicados ao setor autom\u00f3vel. Estes equipamentos s\u00e3o projetados e fabricados para o ensino e treino das \u00faltimas tecnologias presentes nos autom\u00f3veis, tornando-se ferramentas essenciais para a compreens\u00e3o dos seus processos de trabalho na manuten\u00e7\u00e3o e diagn\u00f3stico com equipamentos de medi\u00e7\u00e3o.<\/p>\n<p>Os alunos s\u00e3o estimulados a aprender a desmontar e montar, a realizar v\u00e1rias medi\u00e7\u00f5es, ler e entender a documenta\u00e7\u00e3o t\u00e9cnica, esquemas, diagramas de cablagem, c\u00f3digos de erro, caracter\u00edsticas de sinal e procedimentos de diagn\u00f3stico.<\/p>\n<p><strong>Entre a extensa gama de equipamentos did\u00e1ticos, destacamos: <\/strong><\/p>\n<p><img loading=\"lazy\" class=\"alignleft size-full wp-image-1741\" src=\"https:\/\/www.intermaco.pt\/web3\/wp-content\/uploads\/2025\/01\/AutoEDU1.png\" alt=\"\" width=\"2000\" height=\"693\" srcset=\"https:\/\/www.intermaco.pt\/web3\/wp-content\/uploads\/2025\/01\/AutoEDU1.png 2000w, https:\/\/www.intermaco.pt\/web3\/wp-content\/uploads\/2025\/01\/AutoEDU1-300x104.png 300w, https:\/\/www.intermaco.pt\/web3\/wp-content\/uploads\/2025\/01\/AutoEDU1-1024x355.png 1024w, https:\/\/www.intermaco.pt\/web3\/wp-content\/uploads\/2025\/01\/AutoEDU1-768x266.png 768w, https:\/\/www.intermaco.pt\/web3\/wp-content\/uploads\/2025\/01\/AutoEDU1-1536x532.png 1536w, https:\/\/www.intermaco.pt\/web3\/wp-content\/uploads\/2025\/01\/AutoEDU1-50x17.png 50w\" sizes=\"(max-width: 2000px) 100vw, 2000px\" \/><\/p>\n<p><strong>Ve\u00edculos H\u00edbridos e El\u00e9tricos <\/strong>especialmente preparados para proporcionar o treino nos sistemas de Ve\u00edculos El\u00e9tricos e H\u00edbridos Plug-in totalmente operacionais. Estes ve\u00edculos \u00a0ajustam-se a estas necessidades educacionais espec\u00edficas, em seguran\u00e7a. Estas s\u00e3o plataformas de treino imersivo para diagnosticar e entender sistemas el\u00e9tricos e h\u00edbridos complexos. Equipados com caixas de medi\u00e7\u00e3o integradas, simula\u00e7\u00e3o de c\u00f3digos de falhas para v\u00e1rios sistemas e diagramas de cablagem de contatos abertos. Alguns modelos t\u00eam a carro\u00e7aria cortada em pontos-chave, de forma a poder entender e diagnosticar todos os componentes importantes dos ve\u00edculos.<\/p>\n<p><img loading=\"lazy\" class=\"alignleft size-full wp-image-1742\" src=\"https:\/\/www.intermaco.pt\/web3\/wp-content\/uploads\/2025\/01\/AutoEDU2.png\" alt=\"\" width=\"2000\" height=\"693\" srcset=\"https:\/\/www.intermaco.pt\/web3\/wp-content\/uploads\/2025\/01\/AutoEDU2.png 2000w, https:\/\/www.intermaco.pt\/web3\/wp-content\/uploads\/2025\/01\/AutoEDU2-300x104.png 300w, https:\/\/www.intermaco.pt\/web3\/wp-content\/uploads\/2025\/01\/AutoEDU2-1024x355.png 1024w, https:\/\/www.intermaco.pt\/web3\/wp-content\/uploads\/2025\/01\/AutoEDU2-768x266.png 768w, https:\/\/www.intermaco.pt\/web3\/wp-content\/uploads\/2025\/01\/AutoEDU2-1536x532.png 1536w, https:\/\/www.intermaco.pt\/web3\/wp-content\/uploads\/2025\/01\/AutoEDU2-50x17.png 50w\" sizes=\"(max-width: 2000px) 100vw, 2000px\" \/><\/p>\n<p><strong>Motores totalmente operacionais<\/strong> com diferentes sistemas de abastecimento de combust\u00edvel: gasolina (MPI, FSI, TFSI, TSI e etc.), gas\u00f3leo (TD, TDI, Common Rail, PD, PLD e etc.) e sistema de propuls\u00e3o el\u00e9trico h\u00edbrido a gasolina. Todos os nossos motores operacionais fabricados est\u00e3o dispon\u00edveis com instala\u00e7\u00f5es de pinagem e simula\u00e7\u00e3o de avarias para ajudar os alunos no treino de diagn\u00f3stico e ajud\u00e1-los a entender os sistemas modernos do ve\u00edculo.<\/p>\n<p><img loading=\"lazy\" class=\"alignleft size-full wp-image-1743\" src=\"https:\/\/www.intermaco.pt\/web3\/wp-content\/uploads\/2025\/01\/AutoEDU3.png\" alt=\"\" width=\"2000\" height=\"693\" srcset=\"https:\/\/www.intermaco.pt\/web3\/wp-content\/uploads\/2025\/01\/AutoEDU3.png 2000w, https:\/\/www.intermaco.pt\/web3\/wp-content\/uploads\/2025\/01\/AutoEDU3-300x104.png 300w, https:\/\/www.intermaco.pt\/web3\/wp-content\/uploads\/2025\/01\/AutoEDU3-1024x355.png 1024w, https:\/\/www.intermaco.pt\/web3\/wp-content\/uploads\/2025\/01\/AutoEDU3-768x266.png 768w, https:\/\/www.intermaco.pt\/web3\/wp-content\/uploads\/2025\/01\/AutoEDU3-1536x532.png 1536w, https:\/\/www.intermaco.pt\/web3\/wp-content\/uploads\/2025\/01\/AutoEDU3-50x17.png 50w\" sizes=\"(max-width: 2000px) 100vw, 2000px\" \/><\/p>\n<p><strong>Pain\u00e9is de Treino<\/strong> simuladores, baseados em componentes OEM e especialmente projetados para ajudar os alunos t\u00e9cnicos a entender melhor a estrutura e os componentes dos sistemas automotivos: sistema de controle do motor (gasolina e diesel), ABS, SRS e etc. Os modelos funcionais s\u00e3o ferramentas educacionais totalmente operacionais na vers\u00e3o de economia de espa\u00e7o de um carro completo com todas as suas vantagens, nomeadamente o seu uso em sala de aula, substituindo um ve\u00edculo.<\/p>\n<p><img loading=\"lazy\" class=\"alignleft size-full wp-image-1744\" src=\"https:\/\/www.intermaco.pt\/web3\/wp-content\/uploads\/2025\/01\/AutoEDU4.png\" alt=\"\" width=\"2000\" height=\"693\" srcset=\"https:\/\/www.intermaco.pt\/web3\/wp-content\/uploads\/2025\/01\/AutoEDU4.png 2000w, https:\/\/www.intermaco.pt\/web3\/wp-content\/uploads\/2025\/01\/AutoEDU4-300x104.png 300w, https:\/\/www.intermaco.pt\/web3\/wp-content\/uploads\/2025\/01\/AutoEDU4-1024x355.png 1024w, https:\/\/www.intermaco.pt\/web3\/wp-content\/uploads\/2025\/01\/AutoEDU4-768x266.png 768w, https:\/\/www.intermaco.pt\/web3\/wp-content\/uploads\/2025\/01\/AutoEDU4-1536x532.png 1536w, https:\/\/www.intermaco.pt\/web3\/wp-content\/uploads\/2025\/01\/AutoEDU4-50x17.png 50w\" sizes=\"(max-width: 2000px) 100vw, 2000px\" \/><\/p>\n<p><strong>Modelos de corte<\/strong> de componentes autom\u00f3veis: motores, caixas de velocidades e etc.<\/p>\n<p>&nbsp;<\/p>\n<p><strong>Os nossos clientes:<\/strong><\/p>\n<p>Escolas t\u00e9cnicas autom\u00f3veis, Escolas Profissionais, Escolas T\u00e9cnicas, Academias, Escolas agr\u00edcolas, organiza\u00e7\u00f5es privadas de forma\u00e7\u00e3o t\u00e9cnica, fabricantes de equipamentos de diagn\u00f3stico e equipamentos de oficina, fornecedores de equipamentos de diagn\u00f3stico e equipamentos de garagem.<\/p>\n","protected":false},"excerpt":{"rendered":"<p>A AutoEDU \u00e9, desde 2003, fabricante de equipamentos did\u00e1ticos dedicados ao setor autom\u00f3vel. Estes equipamentos s\u00e3o projetados e fabricados para o ensino e treino das \u00faltimas tecnologias presentes nos autom\u00f3veis, tornando-se ferramentas essenciais para a compreens\u00e3o dos seus processos de trabalho na manuten\u00e7\u00e3o e diagn\u00f3stico com equipamentos de medi\u00e7\u00e3o. Os alunos s\u00e3o estimulados a aprender<a href=\"https:\/\/www.intermaco.pt\/web3\/autoedu\/\">[&#8230;]<\/a><\/p>\n","protected":false},"author":1,"featured_media":0,"parent":0,"menu_order":0,"comment_status":"closed","ping_status":"closed","template":"","meta":[],"wppr_data":{"cwp_meta_box_check":"No"},"_links":{"self":[{"href":"https:\/\/www.intermaco.pt\/web3\/wp-json\/wp\/v2\/pages\/1737"}],"collection":[{"href":"https:\/\/www.intermaco.pt\/web3\/wp-json\/wp\/v2\/pages"}],"about":[{"href":"https:\/\/www.intermaco.pt\/web3\/wp-json\/wp\/v2\/types\/page"}],"author":[{"embeddable":true,"href":"https:\/\/www.intermaco.pt\/web3\/wp-json\/wp\/v2\/users\/1"}],"replies":[{"embeddable":true,"href":"https:\/\/www.intermaco.pt\/web3\/wp-json\/wp\/v2\/comments?post=1737"}],"version-history":[{"count":4,"href":"https:\/\/www.intermaco.pt\/web3\/wp-json\/wp\/v2\/pages\/1737\/revisions"}],"predecessor-version":[{"id":1747,"href":"https:\/\/www.intermaco.pt\/web3\/wp-json\/wp\/v2\/pages\/1737\/revisions\/1747"}],"wp:attachment":[{"href":"https:\/\/www.intermaco.pt\/web3\/wp-json\/wp\/v2\/media?parent=1737"}],"curies":[{"name":"wp","href":"https:\/\/api.w.org\/{rel}","templated":true}]}}