{"id":247,"date":"2017-10-25T11:24:57","date_gmt":"2017-10-25T11:24:57","guid":{"rendered":"http:\/\/www.intermaco.pt\/web3\/?page_id=247"},"modified":"2021-06-23T14:23:00","modified_gmt":"2021-06-23T14:23:00","slug":"software-diverso","status":"publish","type":"page","link":"https:\/\/www.intermaco.pt\/web3\/area-restrita-2\/software-diverso\/","title":{"rendered":"Software diverso"},"content":{"rendered":"<div class=\"members-access-error\">N\u00e3o tem permiss\u00e3o para ver este conte\u00fado.<\/div>\n","protected":false},"excerpt":{"rendered":"<div class=\"members-access-error\">N\u00e3o tem permiss\u00e3o para ver este conte\u00fado.<\/div>\n","protected":false},"author":1,"featured_media":0,"parent":159,"menu_order":0,"comment_status":"closed","ping_status":"closed","template":"","meta":[],"wppr_data":{"cwp_meta_box_check":"No"},"_links":{"self":[{"href":"https:\/\/www.intermaco.pt\/web3\/wp-json\/wp\/v2\/pages\/247"}],"collection":[{"href":"https:\/\/www.intermaco.pt\/web3\/wp-json\/wp\/v2\/pages"}],"about":[{"href":"https:\/\/www.intermaco.pt\/web3\/wp-json\/wp\/v2\/types\/page"}],"author":[{"embeddable":true,"href":"https:\/\/www.intermaco.pt\/web3\/wp-json\/wp\/v2\/users\/1"}],"replies":[{"embeddable":true,"href":"https:\/\/www.intermaco.pt\/web3\/wp-json\/wp\/v2\/comments?post=247"}],"version-history":[{"count":4,"href":"https:\/\/www.intermaco.pt\/web3\/wp-json\/wp\/v2\/pages\/247\/revisions"}],"predecessor-version":[{"id":930,"href":"https:\/\/www.intermaco.pt\/web3\/wp-json\/wp\/v2\/pages\/247\/revisions\/930"}],"up":[{"embeddable":true,"href":"https:\/\/www.intermaco.pt\/web3\/wp-json\/wp\/v2\/pages\/159"}],"wp:attachment":[{"href":"https:\/\/www.intermaco.pt\/web3\/wp-json\/wp\/v2\/media?parent=247"}],"curies":[{"name":"wp","href":"https:\/\/api.w.org\/{rel}","templated":true}]}}