{"id":567,"date":"2017-12-22T10:51:57","date_gmt":"2017-12-22T10:51:57","guid":{"rendered":"http:\/\/www.intermaco.pt\/web3\/?page_id=567"},"modified":"2019-06-19T15:00:06","modified_gmt":"2019-06-19T15:00:06","slug":"fds-rodcraft","status":"publish","type":"page","link":"https:\/\/www.intermaco.pt\/web3\/area-restrita-2\/fichas-de-seguranca\/fds-rodcraft\/","title":{"rendered":"FDS Rodcraft"},"content":{"rendered":"<div class=\"members-access-error\">N\u00e3o tem permiss\u00e3o para ver este conte\u00fado.<\/div>\n","protected":false},"excerpt":{"rendered":"<div class=\"members-access-error\">N\u00e3o tem permiss\u00e3o para ver este conte\u00fado.<\/div>\n","protected":false},"author":1,"featured_media":0,"parent":245,"menu_order":0,"comment_status":"closed","ping_status":"closed","template":"file-away-iframe-template.php","meta":[],"wppr_data":{"cwp_meta_box_check":"No"},"_links":{"self":[{"href":"https:\/\/www.intermaco.pt\/web3\/wp-json\/wp\/v2\/pages\/567"}],"collection":[{"href":"https:\/\/www.intermaco.pt\/web3\/wp-json\/wp\/v2\/pages"}],"about":[{"href":"https:\/\/www.intermaco.pt\/web3\/wp-json\/wp\/v2\/types\/page"}],"author":[{"embeddable":true,"href":"https:\/\/www.intermaco.pt\/web3\/wp-json\/wp\/v2\/users\/1"}],"replies":[{"embeddable":true,"href":"https:\/\/www.intermaco.pt\/web3\/wp-json\/wp\/v2\/comments?post=567"}],"version-history":[{"count":2,"href":"https:\/\/www.intermaco.pt\/web3\/wp-json\/wp\/v2\/pages\/567\/revisions"}],"predecessor-version":[{"id":578,"href":"https:\/\/www.intermaco.pt\/web3\/wp-json\/wp\/v2\/pages\/567\/revisions\/578"}],"up":[{"embeddable":true,"href":"https:\/\/www.intermaco.pt\/web3\/wp-json\/wp\/v2\/pages\/245"}],"wp:attachment":[{"href":"https:\/\/www.intermaco.pt\/web3\/wp-json\/wp\/v2\/media?parent=567"}],"curies":[{"name":"wp","href":"https:\/\/api.w.org\/{rel}","templated":true}]}}