{"id":57,"date":"2017-10-20T13:49:57","date_gmt":"2017-10-20T13:49:57","guid":{"rendered":"http:\/\/www.intermaco.pt\/web3\/?page_id=57"},"modified":"2019-10-01T16:04:30","modified_gmt":"2019-10-01T16:04:30","slug":"ferramentas","status":"publish","type":"page","link":"https:\/\/www.intermaco.pt\/web3\/ferramentas\/","title":{"rendered":"Ferramentas"},"content":{"rendered":"<div id=\"pl-57\"  class=\"panel-layout\" ><div id=\"pg-57-0\"  class=\"panel-grid panel-no-style\" ><div id=\"pgc-57-0-0\"  class=\"panel-grid-cell\" ><div id=\"panel-57-0-0-0\" class=\" zerif_team-widget-29 zerif_team so-panel widget widget_duplicate_widget panel-first-child panel-last-child\" data-index=\"0\" >\n\t\t\t<div class=\"col-lg-3 col-sm-3\">\n\n\t\t\t\t<div class=\"team-member\" tabindex=\"0\">\n\n\t\t\t\t\t\t\t\t\t\t<figure class=\"profile-pic\">\n\t\t\t\t\t\t\t\t\t\t\t\t<img src=\"https:\/\/www.intermaco.pt\/web3\/wp-content\/uploads\/2017\/10\/marca_facom.png\" alt=\"FACOM\">\n\n\t\t\t\t\t<\/figure>\n\t\t\t\t\t\n\t\t\t\t\t<div class=\"member-details\">\n\n\t\t\t\t\t\t<h5 class=\"dark-text red-border-bottom\">\n\t\t\t\t\t\t\tFACOM\t\t\t\t\t\t<\/h5>\n\n\t\t\t\t\t\t<div class=\"position\">\n\t\t\t\t\t\tFerramenta manual e especial<\/div>\n\n\t\t\t\t\t<\/div>\n\n\t\t\t\t\t<div class=\"social-icons\">\n\n\t\t\t\t\t\t<ul>\n\t\t\t\t\t\t\t\t\t<li\n\t\t id=\"facom_globe\">\n\t\t\t<a target=\"_blank\" title=\"Website\" href=\"https:\/\/www.facom.com\/pt\/\">\n\t\t\t\t\t\t\t\t<i class=\"fa fa-globe\"><\/i>\n\t\t\t<\/a>\n\t\t<\/li>\n\t\t\n\t\t\t\t\t\t<\/ul>\n\n\t\t\t\t\t<\/div>\n\n\t\t\t\t\t\t\t\t\t\t\t<div class=\"details\">\n\t\t\t\t\t\t\tFerramenta manual e especial\t\t\t\t\t\t<\/div>\n\t\t\t\t\t\n\t\t\t\t<\/div>\n\n\t\t\t<\/div>\n\t\t\t<\/div><\/div><div id=\"pgc-57-0-1\"  class=\"panel-grid-cell\" ><div id=\"panel-57-0-1-0\" class=\" zerif_team-widget-30 zerif_team so-panel widget widget_duplicate_widget panel-first-child panel-last-child\" data-index=\"1\" >\n\t\t\t<div class=\"col-lg-3 col-sm-3\">\n\n\t\t\t\t<div class=\"team-member\" tabindex=\"0\">\n\n\t\t\t\t\t\t\t\t\t\t<figure class=\"profile-pic\">\n\t\t\t\t\t\t\t\t\t\t\t\t<img src=\"https:\/\/www.intermaco.pt\/web3\/wp-content\/uploads\/2017\/12\/marca_expert.png\" alt=\"EXPERT\">\n\n\t\t\t\t\t<\/figure>\n\t\t\t\t\t\n\t\t\t\t\t<div class=\"member-details\">\n\n\t\t\t\t\t\t<h5 class=\"dark-text red-border-bottom\">\n\t\t\t\t\t\t\tEXPERT\t\t\t\t\t\t<\/h5>\n\n\t\t\t\t\t\t<div class=\"position\">\n\t\t\t\t\t\tFerramenta manual e especial<\/div>\n\n\t\t\t\t\t<\/div>\n\n\t\t\t\t\t<div class=\"social-icons\">\n\n\t\t\t\t\t\t<ul>\n\t\t\t\t\t\t\t\t\t<li\n\t\t id=\"expert_globe\">\n\t\t\t<a target=\"_blank\" title=\"Website\" href=\"\">\n\t\t\t\t\t\t\t\t<i class=\"fa fa-globe\"><\/i>\n\t\t\t<\/a>\n\t\t<\/li>\n\t\t\n\t\t\t\t\t\t<\/ul>\n\n\t\t\t\t\t<\/div>\n\n\t\t\t\t\t\t\t\t\t\t\t<div class=\"details\">\n\t\t\t\t\t\t\tFerramenta manual e especial\t\t\t\t\t\t<\/div>\n\t\t\t\t\t\n\t\t\t\t<\/div>\n\n\t\t\t<\/div>\n\t\t\t<\/div><\/div><div id=\"pgc-57-0-2\"  class=\"panel-grid-cell\" ><div id=\"panel-57-0-2-0\" class=\" zerif_team-widget-31 zerif_team so-panel widget widget_duplicate_widget panel-first-child panel-last-child\" data-index=\"2\" >\n\t\t\t<div class=\"col-lg-3 col-sm-3\">\n\n\t\t\t\t<div class=\"team-member\" tabindex=\"0\">\n\n\t\t\t\t\t\t\t\t\t\t<figure class=\"profile-pic\">\n\t\t\t\t\t\t\t\t\t\t\t\t<img src=\"https:\/\/www.intermaco.pt\/web3\/wp-content\/uploads\/2017\/12\/marca_hazet.png\" alt=\"HAZET\">\n\n\t\t\t\t\t<\/figure>\n\t\t\t\t\t\n\t\t\t\t\t<div class=\"member-details\">\n\n\t\t\t\t\t\t<h5 class=\"dark-text red-border-bottom\">\n\t\t\t\t\t\t\tHAZET\t\t\t\t\t\t<\/h5>\n\n\t\t\t\t\t\t<div class=\"position\">\n\t\t\t\t\t\tFerramenta manual e especial<\/div>\n\n\t\t\t\t\t<\/div>\n\n\t\t\t\t\t<div class=\"social-icons\">\n\n\t\t\t\t\t\t<ul>\n\t\t\t\t\t\t\t\t\t<li\n\t\t id=\"hazet_globe\">\n\t\t\t<a target=\"_blank\" title=\"Website\" href=\"\">\n\t\t\t\t\t\t\t\t<i class=\"fa fa-globe\"><\/i>\n\t\t\t<\/a>\n\t\t<\/li>\n\t\t\n\t\t\t\t\t\t<\/ul>\n\n\t\t\t\t\t<\/div>\n\n\t\t\t\t\t\t\t\t\t\t\t<div class=\"details\">\n\t\t\t\t\t\t\tFerramenta manual e especial\t\t\t\t\t\t<\/div>\n\t\t\t\t\t\n\t\t\t\t<\/div>\n\n\t\t\t<\/div>\n\t\t\t<\/div><\/div><div id=\"pgc-57-0-3\"  class=\"panel-grid-cell\" ><div id=\"panel-57-0-3-0\" class=\" zerif_team-widget-32 zerif_team so-panel widget widget_duplicate_widget panel-first-child panel-last-child\" data-index=\"3\" >\n\t\t\t<div class=\"col-lg-3 col-sm-3\">\n\n\t\t\t\t<div class=\"team-member\" tabindex=\"0\">\n\n\t\t\t\t\t\t\t\t\t\t<figure class=\"profile-pic\">\n\t\t\t\t\t\t\t\t\t\t\t\t<img src=\"https:\/\/www.intermaco.pt\/web3\/wp-content\/uploads\/2017\/12\/marca_sonic.png\" alt=\"SONIC\">\n\n\t\t\t\t\t<\/figure>\n\t\t\t\t\t\n\t\t\t\t\t<div class=\"member-details\">\n\n\t\t\t\t\t\t<h5 class=\"dark-text red-border-bottom\">\n\t\t\t\t\t\t\tSONIC\t\t\t\t\t\t<\/h5>\n\n\t\t\t\t\t\t<div class=\"position\">\n\t\t\t\t\t\tFerramenta manual e especial<\/div>\n\n\t\t\t\t\t<\/div>\n\n\t\t\t\t\t<div class=\"social-icons\">\n\n\t\t\t\t\t\t<ul>\n\t\t\t\t\t\t\t\t\t<li\n\t\t id=\"sonic_globe\">\n\t\t\t<a target=\"_blank\" title=\"Website\" href=\"\">\n\t\t\t\t\t\t\t\t<i class=\"fa fa-globe\"><\/i>\n\t\t\t<\/a>\n\t\t<\/li>\n\t\t\n\t\t\t\t\t\t<\/ul>\n\n\t\t\t\t\t<\/div>\n\n\t\t\t\t\t\t\t\t\t\t\t<div class=\"details\">\n\t\t\t\t\t\t\tFerramenta manual e especial\t\t\t\t\t\t<\/div>\n\t\t\t\t\t\n\t\t\t\t<\/div>\n\n\t\t\t<\/div>\n\t\t\t<\/div><\/div><\/div><div id=\"pg-57-1\"  class=\"panel-grid panel-no-style\" ><div id=\"pgc-57-1-0\"  class=\"panel-grid-cell\" ><div id=\"panel-57-1-0-0\" class=\" zerif_team-widget-33 zerif_team so-panel widget widget_duplicate_widget panel-first-child panel-last-child\" data-index=\"4\" >\n\t\t\t<div class=\"col-lg-3 col-sm-3\">\n\n\t\t\t\t<div class=\"team-member\" tabindex=\"0\">\n\n\t\t\t\t\t\t\t\t\t\t<figure class=\"profile-pic\">\n\t\t\t\t\t\t\t\t\t\t\t\t<img src=\"https:\/\/www.intermaco.pt\/web3\/wp-content\/uploads\/2017\/12\/marca_rodcraft.png\" alt=\"RODCRAFT\">\n\n\t\t\t\t\t<\/figure>\n\t\t\t\t\t\n\t\t\t\t\t<div class=\"member-details\">\n\n\t\t\t\t\t\t<h5 class=\"dark-text red-border-bottom\">\n\t\t\t\t\t\t\tRODCRAFT\t\t\t\t\t\t<\/h5>\n\n\t\t\t\t\t\t<div class=\"position\">\n\t\t\t\t\t\tFerramentas pneum\u00e1ticas e equipamento de oficina<\/div>\n\n\t\t\t\t\t<\/div>\n\n\t\t\t\t\t<div class=\"social-icons\">\n\n\t\t\t\t\t\t<ul>\n\t\t\t\t\t\t\t\t\t<li\n\t\t id=\"rodcraft_globe\">\n\t\t\t<a target=\"_blank\" title=\"Website\" href=\"https:\/\/www.rodcraft.com\/\">\n\t\t\t\t\t\t\t\t<i class=\"fa fa-globe\"><\/i>\n\t\t\t<\/a>\n\t\t<\/li>\n\t\t\n\t\t\t\t\t\t<\/ul>\n\n\t\t\t\t\t<\/div>\n\n\t\t\t\t\t\t\t\t\t\t\t<div class=\"details\">\n\t\t\t\t\t\t\tFerramentas pneum\u00e1ticas e equipamento de oficina\t\t\t\t\t\t<\/div>\n\t\t\t\t\t\n\t\t\t\t<\/div>\n\n\t\t\t<\/div>\n\t\t\t<\/div><\/div><div id=\"pgc-57-1-1\"  class=\"panel-grid-cell\" ><div id=\"panel-57-1-1-0\" class=\" zerif_team-widget-34 zerif_team so-panel widget widget_duplicate_widget panel-first-child panel-last-child\" data-index=\"5\" >\n\t\t\t<div class=\"col-lg-3 col-sm-3\">\n\n\t\t\t\t<div class=\"team-member\" tabindex=\"0\">\n\n\t\t\t\t\t\t\t\t\t\t<figure class=\"profile-pic\">\n\t\t\t\t\t\t\t\t\t\t\t\t<img src=\"https:\/\/www.intermaco.pt\/web3\/wp-content\/uploads\/2017\/12\/marca_alfra.png\" alt=\"ALFRA\">\n\n\t\t\t\t\t<\/figure>\n\t\t\t\t\t\n\t\t\t\t\t<div class=\"member-details\">\n\n\t\t\t\t\t\t<h5 class=\"dark-text red-border-bottom\">\n\t\t\t\t\t\t\tALFRA\t\t\t\t\t\t<\/h5>\n\n\t\t\t\t\t\t<div class=\"position\">\n\t\t\t\t\t\tJogos de cortantes, bombas hidr\u00e1ulicas, puncionadoras, m\u00e1quinas de fura\u00e7\u00e3o magn\u00e9ticas, brocas craneanas<\/div>\n\n\t\t\t\t\t<\/div>\n\n\t\t\t\t\t<div class=\"social-icons\">\n\n\t\t\t\t\t\t<ul>\n\t\t\t\t\t\t\t\t\t<li\n\t\t id=\"alfra_globe\">\n\t\t\t<a target=\"_blank\" title=\"Website\" href=\"http:\/\/www.alfra.de\">\n\t\t\t\t\t\t\t\t<i class=\"fa fa-globe\"><\/i>\n\t\t\t<\/a>\n\t\t<\/li>\n\t\t\n\t\t\t\t\t\t<\/ul>\n\n\t\t\t\t\t<\/div>\n\n\t\t\t\t\t\t\t\t\t\t\t<div class=\"details\">\n\t\t\t\t\t\t\tJogos de cortantes, bombas hidr\u00e1ulicas, puncionadoras, m\u00e1quinas de fura\u00e7\u00e3o magn\u00e9ticas, brocas craneanas\t\t\t\t\t\t<\/div>\n\t\t\t\t\t\n\t\t\t\t<\/div>\n\n\t\t\t<\/div>\n\t\t\t<\/div><\/div><div id=\"pgc-57-1-2\"  class=\"panel-grid-cell\" ><div id=\"panel-57-1-2-0\" class=\" zerif_team-widget-35 zerif_team so-panel widget widget_duplicate_widget panel-first-child panel-last-child\" data-index=\"6\" >\n\t\t\t<div class=\"col-lg-3 col-sm-3\">\n\n\t\t\t\t<div class=\"team-member\" tabindex=\"0\">\n\n\t\t\t\t\t\t\t\t\t\t<figure class=\"profile-pic\">\n\t\t\t\t\t\t\t\t\t\t\t\t<img src=\"https:\/\/www.intermaco.pt\/web3\/wp-content\/uploads\/2017\/12\/marca_morse.png\" alt=\"MORSE\">\n\n\t\t\t\t\t<\/figure>\n\t\t\t\t\t\n\t\t\t\t\t<div class=\"member-details\">\n\n\t\t\t\t\t\t<h5 class=\"dark-text red-border-bottom\">\n\t\t\t\t\t\t\tMORSE\t\t\t\t\t\t<\/h5>\n\n\t\t\t\t\t\t<div class=\"position\">\n\t\t\t\t\t\tSerras craneanas, fitas de serra, serras de sabre e discos de corte<\/div>\n\n\t\t\t\t\t<\/div>\n\n\t\t\t\t\t<div class=\"social-icons\">\n\n\t\t\t\t\t\t<ul>\n\t\t\t\t\t\t\t\t\t<li\n\t\t id=\"morse_globe\">\n\t\t\t<a target=\"_blank\" title=\"Website\" href=\"https:\/\/www.mkmorse.com\/\">\n\t\t\t\t\t\t\t\t<i class=\"fa fa-globe\"><\/i>\n\t\t\t<\/a>\n\t\t<\/li>\n\t\t\n\t\t\t\t\t\t<\/ul>\n\n\t\t\t\t\t<\/div>\n\n\t\t\t\t\t\t\t\t\t\t\t<div class=\"details\">\n\t\t\t\t\t\t\tSerras craneanas, fitas de serra, serras de sabre e discos de corte\t\t\t\t\t\t<\/div>\n\t\t\t\t\t\n\t\t\t\t<\/div>\n\n\t\t\t<\/div>\n\t\t\t<\/div><\/div><div id=\"pgc-57-1-3\"  class=\"panel-grid-cell\" ><div id=\"panel-57-1-3-0\" class=\" zerif_team-widget-36 zerif_team so-panel widget widget_duplicate_widget panel-first-child panel-last-child\" data-index=\"7\" >\n\t\t\t<div class=\"col-lg-3 col-sm-3\">\n\n\t\t\t\t<div class=\"team-member\" tabindex=\"0\">\n\n\t\t\t\t\t\t\t\t\t\t<figure class=\"profile-pic\">\n\t\t\t\t\t\t\t\t\t\t\t\t<img src=\"https:\/\/www.intermaco.pt\/web3\/wp-content\/uploads\/2017\/12\/marca_cta.png\" alt=\"CTA\">\n\n\t\t\t\t\t<\/figure>\n\t\t\t\t\t\n\t\t\t\t\t<div class=\"member-details\">\n\n\t\t\t\t\t\t<h5 class=\"dark-text red-border-bottom\">\n\t\t\t\t\t\t\tCTA\t\t\t\t\t\t<\/h5>\n\n\t\t\t\t\t\t<div class=\"position\">\n\t\t\t\t\t\tFerramentas para manuten\u00e7\u00e3o autom\u00f3vel<\/div>\n\n\t\t\t\t\t<\/div>\n\n\t\t\t\t\t<div class=\"social-icons\">\n\n\t\t\t\t\t\t<ul>\n\t\t\t\t\t\t\t\t\t<li\n\t\t id=\"cta_globe\">\n\t\t\t<a target=\"_blank\" title=\"Website\" href=\"https:\/\/www.ctatools.com\/\">\n\t\t\t\t\t\t\t\t<i class=\"fa fa-globe\"><\/i>\n\t\t\t<\/a>\n\t\t<\/li>\n\t\t\n\t\t\t\t\t\t<\/ul>\n\n\t\t\t\t\t<\/div>\n\n\t\t\t\t\t\t\t\t\t\t\t<div class=\"details\">\n\t\t\t\t\t\t\tFerramentas para manuten\u00e7\u00e3o autom\u00f3vel\t\t\t\t\t\t<\/div>\n\t\t\t\t\t\n\t\t\t\t<\/div>\n\n\t\t\t<\/div>\n\t\t\t<\/div><\/div><\/div><div id=\"pg-57-2\"  class=\"panel-grid panel-no-style\" ><div id=\"pgc-57-2-0\"  class=\"panel-grid-cell\" ><div id=\"panel-57-2-0-0\" class=\" zerif_team-widget-37 zerif_team so-panel widget widget_duplicate_widget panel-first-child panel-last-child\" data-index=\"8\" >\n\t\t\t<div class=\"col-lg-3 col-sm-3\">\n\n\t\t\t\t<div class=\"team-member\" tabindex=\"0\">\n\n\t\t\t\t\t\t\t\t\t\t<figure class=\"profile-pic\">\n\t\t\t\t\t\t\t\t\t\t\t\t<img src=\"https:\/\/www.intermaco.pt\/web3\/wp-content\/uploads\/2017\/12\/marca_scangrip.png\" alt=\"SCANGRIP\">\n\n\t\t\t\t\t<\/figure>\n\t\t\t\t\t\n\t\t\t\t\t<div class=\"member-details\">\n\n\t\t\t\t\t\t<h5 class=\"dark-text red-border-bottom\">\n\t\t\t\t\t\t\tSCANGRIP\t\t\t\t\t\t<\/h5>\n\n\t\t\t\t\t\t<div class=\"position\">\n\t\t\t\t\t\tCompressores de molas de suspens\u00e3o, gambiarras profissionais<\/div>\n\n\t\t\t\t\t<\/div>\n\n\t\t\t\t\t<div class=\"social-icons\">\n\n\t\t\t\t\t\t<ul>\n\t\t\t\t\t\t\t\t\t<li\n\t\t id=\"scangrip_globe\">\n\t\t\t<a target=\"_blank\" title=\"Website\" href=\"http:\/\/www.scangrip.com\">\n\t\t\t\t\t\t\t\t<i class=\"fa fa-globe\"><\/i>\n\t\t\t<\/a>\n\t\t<\/li>\n\t\t\n\t\t\t\t\t\t<\/ul>\n\n\t\t\t\t\t<\/div>\n\n\t\t\t\t\t\t\t\t\t\t\t<div class=\"details\">\n\t\t\t\t\t\t\tCompressores de molas de suspens\u00e3o, gambiarras profissionais\t\t\t\t\t\t<\/div>\n\t\t\t\t\t\n\t\t\t\t<\/div>\n\n\t\t\t<\/div>\n\t\t\t<\/div><\/div><div id=\"pgc-57-2-1\"  class=\"panel-grid-cell\" ><div id=\"panel-57-2-1-0\" class=\" zerif_team-widget-38 zerif_team so-panel widget widget_duplicate_widget panel-first-child panel-last-child\" data-index=\"9\" >\n\t\t\t<div class=\"col-lg-3 col-sm-3\">\n\n\t\t\t\t<div class=\"team-member\" tabindex=\"0\">\n\n\t\t\t\t\t\t\t\t\t\t<figure class=\"profile-pic\">\n\t\t\t\t\t\t\t\t\t\t\t\t<img src=\"https:\/\/www.intermaco.pt\/web3\/wp-content\/uploads\/2017\/12\/marca_ligarex.png\" alt=\"LIGAREX\">\n\n\t\t\t\t\t<\/figure>\n\t\t\t\t\t\n\t\t\t\t\t<div class=\"member-details\">\n\n\t\t\t\t\t\t<h5 class=\"dark-text red-border-bottom\">\n\t\t\t\t\t\t\tLIGAREX\t\t\t\t\t\t<\/h5>\n\n\t\t\t\t\t\t<div class=\"position\">\n\t\t\t\t\t\tAbra\u00e7adeiras extensivas<\/div>\n\n\t\t\t\t\t<\/div>\n\n\t\t\t\t\t<div class=\"social-icons\">\n\n\t\t\t\t\t\t<ul>\n\t\t\t\t\t\t\t\t\t<li\n\t\t id=\"ligarex_globe\">\n\t\t\t<a target=\"_blank\" title=\"Website\" href=\"\">\n\t\t\t\t\t\t\t\t<i class=\"fa fa-globe\"><\/i>\n\t\t\t<\/a>\n\t\t<\/li>\n\t\t\n\t\t\t\t\t\t<\/ul>\n\n\t\t\t\t\t<\/div>\n\n\t\t\t\t\t\t\t\t\t\t\t<div class=\"details\">\n\t\t\t\t\t\t\tAbra\u00e7adeiras extensivas\t\t\t\t\t\t<\/div>\n\t\t\t\t\t\n\t\t\t\t<\/div>\n\n\t\t\t<\/div>\n\t\t\t<\/div><\/div><div id=\"pgc-57-2-2\"  class=\"panel-grid-cell\" ><div id=\"panel-57-2-2-0\" class=\" zerif_team-widget-39 zerif_team so-panel widget widget_duplicate_widget panel-first-child panel-last-child\" data-index=\"10\" >\n\t\t\t<div class=\"col-lg-3 col-sm-3\">\n\n\t\t\t\t<div class=\"team-member\" tabindex=\"0\">\n\n\t\t\t\t\t\t\t\t\t\t<figure class=\"profile-pic\">\n\t\t\t\t\t\t\t\t\t\t\t\t<img src=\"https:\/\/www.intermaco.pt\/web3\/wp-content\/uploads\/2018\/02\/marcas_fervi.png\" alt=\"FERVI\">\n\n\t\t\t\t\t<\/figure>\n\t\t\t\t\t\n\t\t\t\t\t<div class=\"member-details\">\n\n\t\t\t\t\t\t<h5 class=\"dark-text red-border-bottom\">\n\t\t\t\t\t\t\tFERVI\t\t\t\t\t\t<\/h5>\n\n\t\t\t\t\t\t<div class=\"position\">\n\t\t\t\t\t\tFerramenta diversa<\/div>\n\n\t\t\t\t\t<\/div>\n\n\t\t\t\t\t<div class=\"social-icons\">\n\n\t\t\t\t\t\t<ul>\n\t\t\t\t\t\t\t\t\t<li\n\t\t id=\"fervi_globe\">\n\t\t\t<a target=\"_blank\" title=\"Website\" href=\"https:\/\/www.fervi.com\/\">\n\t\t\t\t\t\t\t\t<i class=\"fa fa-globe\"><\/i>\n\t\t\t<\/a>\n\t\t<\/li>\n\t\t\n\t\t\t\t\t\t<\/ul>\n\n\t\t\t\t\t<\/div>\n\n\t\t\t\t\t\t\t\t\t\t\t<div class=\"details\">\n\t\t\t\t\t\t\tFerramenta diversa\t\t\t\t\t\t<\/div>\n\t\t\t\t\t\n\t\t\t\t<\/div>\n\n\t\t\t<\/div>\n\t\t\t<\/div><\/div><div id=\"pgc-57-2-3\"  class=\"panel-grid-cell\" ><div id=\"panel-57-2-3-0\" class=\" zerif_team-widget-40 zerif_team so-panel widget widget_duplicate_widget panel-first-child panel-last-child\" data-index=\"11\" >\n\t\t\t<div class=\"col-lg-3 col-sm-3\">\n\n\t\t\t\t<div class=\"team-member\" tabindex=\"0\">\n\n\t\t\t\t\t\t\t\t\t\t<figure class=\"profile-pic\">\n\t\t\t\t\t\t\t\t\t\t\t\t<img src=\"https:\/\/www.intermaco.pt\/web3\/wp-content\/uploads\/2018\/02\/marcas_clas.png\" alt=\"CLAS\">\n\n\t\t\t\t\t<\/figure>\n\t\t\t\t\t\n\t\t\t\t\t<div class=\"member-details\">\n\n\t\t\t\t\t\t<h5 class=\"dark-text red-border-bottom\">\n\t\t\t\t\t\t\tCLAS\t\t\t\t\t\t<\/h5>\n\n\t\t\t\t\t\t<div class=\"position\">\n\t\t\t\t\t\tFerramenta diversa<\/div>\n\n\t\t\t\t\t<\/div>\n\n\t\t\t\t\t<div class=\"social-icons\">\n\n\t\t\t\t\t\t<ul>\n\t\t\t\t\t\t\t\t\t<li\n\t\t id=\"clas_globe\">\n\t\t\t<a target=\"_blank\" title=\"Website\" href=\"https:\/\/www.clas.com\/\">\n\t\t\t\t\t\t\t\t<i class=\"fa fa-globe\"><\/i>\n\t\t\t<\/a>\n\t\t<\/li>\n\t\t\n\t\t\t\t\t\t<\/ul>\n\n\t\t\t\t\t<\/div>\n\n\t\t\t\t\t\t\t\t\t\t\t<div class=\"details\">\n\t\t\t\t\t\t\tFerramenta diversa\t\t\t\t\t\t<\/div>\n\t\t\t\t\t\n\t\t\t\t<\/div>\n\n\t\t\t<\/div>\n\t\t\t<\/div><\/div><\/div><\/div>","protected":false},"excerpt":{"rendered":"<p>FACOM Ferramenta manual e especial Ferramenta manual e especial EXPERT Ferramenta manual e especial Ferramenta manual e especial HAZET Ferramenta manual e especial Ferramenta manual e especial SONIC Ferramenta manual e especial Ferramenta manual e especial RODCRAFT Ferramentas pneum\u00e1ticas e equipamento de oficina Ferramentas pneum\u00e1ticas e equipamento de oficina ALFRA Jogos de cortantes, bombas hidr\u00e1ulicas,<a href=\"https:\/\/www.intermaco.pt\/web3\/ferramentas\/\">[&#8230;]<\/a><\/p>\n","protected":false},"author":1,"featured_media":0,"parent":0,"menu_order":0,"comment_status":"closed","ping_status":"closed","template":"template-fullwidth-no-title.php","meta":[],"wppr_data":{"cwp_meta_box_check":"No"},"_links":{"self":[{"href":"https:\/\/www.intermaco.pt\/web3\/wp-json\/wp\/v2\/pages\/57"}],"collection":[{"href":"https:\/\/www.intermaco.pt\/web3\/wp-json\/wp\/v2\/pages"}],"about":[{"href":"https:\/\/www.intermaco.pt\/web3\/wp-json\/wp\/v2\/types\/page"}],"author":[{"embeddable":true,"href":"https:\/\/www.intermaco.pt\/web3\/wp-json\/wp\/v2\/users\/1"}],"replies":[{"embeddable":true,"href":"https:\/\/www.intermaco.pt\/web3\/wp-json\/wp\/v2\/comments?post=57"}],"version-history":[{"count":38,"href":"https:\/\/www.intermaco.pt\/web3\/wp-json\/wp\/v2\/pages\/57\/revisions"}],"predecessor-version":[{"id":1176,"href":"https:\/\/www.intermaco.pt\/web3\/wp-json\/wp\/v2\/pages\/57\/revisions\/1176"}],"wp:attachment":[{"href":"https:\/\/www.intermaco.pt\/web3\/wp-json\/wp\/v2\/media?parent=57"}],"curies":[{"name":"wp","href":"https:\/\/api.w.org\/{rel}","templated":true}]}}